{"id":7,"date":"2022-09-06T09:05:24","date_gmt":"2022-09-06T09:05:24","guid":{"rendered":"https:\/\/student2.tehonet.com\/?page_id=7"},"modified":"2022-09-07T06:36:06","modified_gmt":"2022-09-07T06:36:06","slug":"juustovoileipa","status":"publish","type":"page","link":"https:\/\/student2.tehonet.com\/?page_id=7","title":{"rendered":"Juustovoileip\u00e4"},"content":{"rendered":"\t\t<div data-elementor-type=\"wp-page\" data-elementor-id=\"7\" class=\"elementor elementor-7\">\n\t\t\t\t\t\t\t\t\t<section class=\"elementor-section elementor-top-section elementor-element elementor-element-e90e7ca elementor-section-boxed elementor-section-height-default elementor-section-height-default\" data-id=\"e90e7ca\" data-element_type=\"section\">\n\t\t\t\t\t\t<div class=\"elementor-container elementor-column-gap-default\">\n\t\t\t\t\t<div class=\"elementor-column elementor-col-100 elementor-top-column elementor-element elementor-element-5854da8\" data-id=\"5854da8\" data-element_type=\"column\">\n\t\t\t<div class=\"elementor-widget-wrap elementor-element-populated\">\n\t\t\t\t\t\t\t\t<div class=\"elementor-element elementor-element-dd8c5c8 elementor-invisible elementor-widget elementor-widget-heading\" data-id=\"dd8c5c8\" data-element_type=\"widget\" data-settings=\"{&quot;_animation&quot;:&quot;rollIn&quot;}\" data-widget_type=\"heading.default\">\n\t\t\t\t<div class=\"elementor-widget-container\">\n\t\t\t<style>\/*! elementor - v3.7.4 - 31-08-2022 *\/\n.elementor-heading-title{padding:0;margin:0;line-height:1}.elementor-widget-heading .elementor-heading-title[class*=elementor-size-]>a{color:inherit;font-size:inherit;line-height:inherit}.elementor-widget-heading .elementor-heading-title.elementor-size-small{font-size:15px}.elementor-widget-heading .elementor-heading-title.elementor-size-medium{font-size:19px}.elementor-widget-heading .elementor-heading-title.elementor-size-large{font-size:29px}.elementor-widget-heading .elementor-heading-title.elementor-size-xl{font-size:39px}.elementor-widget-heading .elementor-heading-title.elementor-size-xxl{font-size:59px}<\/style><h2 class=\"elementor-heading-title elementor-size-large\">El\u00e4v\u00e4 juustovoileip\u00e4<\/h2>\t\t<\/div>\n\t\t\t\t<\/div>\n\t\t\t\t\t<\/div>\n\t\t<\/div>\n\t\t\t\t\t\t\t<\/div>\n\t\t<\/section>\n\t\t\t\t<section class=\"elementor-section elementor-top-section elementor-element elementor-element-30f7ebe elementor-section-boxed elementor-section-height-default elementor-section-height-default\" data-id=\"30f7ebe\" data-element_type=\"section\">\n\t\t\t\t\t\t<div class=\"elementor-container elementor-column-gap-default\">\n\t\t\t\t\t<div class=\"elementor-column elementor-col-100 elementor-top-column elementor-element elementor-element-8be47ba\" data-id=\"8be47ba\" data-element_type=\"column\">\n\t\t\t<div class=\"elementor-widget-wrap elementor-element-populated\">\n\t\t\t\t\t\t\t\t<div class=\"elementor-element elementor-element-47583db elementor-invisible elementor-widget elementor-widget-heading\" data-id=\"47583db\" data-element_type=\"widget\" data-settings=\"{&quot;_animation&quot;:&quot;swing&quot;}\" data-widget_type=\"heading.default\">\n\t\t\t\t<div class=\"elementor-widget-container\">\n\t\t\t<h2 class=\"elementor-heading-title elementor-size-default\"><a href=\"#yhteystiedot\">Octane's lover<\/a><\/h2>\t\t<\/div>\n\t\t\t\t<\/div>\n\t\t\t\t\t<\/div>\n\t\t<\/div>\n\t\t\t\t\t\t\t<\/div>\n\t\t<\/section>\n\t\t\t\t<section class=\"elementor-section elementor-top-section elementor-element elementor-element-d46dce6 elementor-section-boxed elementor-section-height-default elementor-section-height-default\" data-id=\"d46dce6\" data-element_type=\"section\" data-settings=\"{&quot;background_background&quot;:&quot;classic&quot;}\">\n\t\t\t\t\t\t<div class=\"elementor-container elementor-column-gap-default\">\n\t\t\t\t\t<div class=\"elementor-column elementor-col-100 elementor-top-column elementor-element elementor-element-374d4ac\" data-id=\"374d4ac\" data-element_type=\"column\">\n\t\t\t<div class=\"elementor-widget-wrap elementor-element-populated\">\n\t\t\t\t\t\t\t\t<div class=\"elementor-element elementor-element-22f3c4a elementor-invisible elementor-widget elementor-widget-image\" data-id=\"22f3c4a\" data-element_type=\"widget\" data-settings=\"{&quot;_animation&quot;:&quot;tada&quot;}\" data-widget_type=\"image.default\">\n\t\t\t\t<div class=\"elementor-widget-container\">\n\t\t\t<style>\/*! elementor - v3.7.4 - 31-08-2022 *\/\n.elementor-widget-image{text-align:center}.elementor-widget-image a{display:inline-block}.elementor-widget-image a img[src$=\".svg\"]{width:48px}.elementor-widget-image img{vertical-align:middle;display:inline-block}<\/style>\t\t\t\t\t\t\t\t\t\t\t\t<img decoding=\"async\" width=\"576\" height=\"1024\" src=\"https:\/\/student2.tehonet.com\/wp-content\/uploads\/2022\/09\/future-g920d7eb4d_1920-576x1024.jpg\" class=\"attachment-large size-large\" alt=\"\" loading=\"lazy\" srcset=\"https:\/\/student2.tehonet.com\/wp-content\/uploads\/2022\/09\/future-g920d7eb4d_1920-576x1024.jpg 576w, https:\/\/student2.tehonet.com\/wp-content\/uploads\/2022\/09\/future-g920d7eb4d_1920-169x300.jpg 169w, https:\/\/student2.tehonet.com\/wp-content\/uploads\/2022\/09\/future-g920d7eb4d_1920-768x1365.jpg 768w, https:\/\/student2.tehonet.com\/wp-content\/uploads\/2022\/09\/future-g920d7eb4d_1920-864x1536.jpg 864w, https:\/\/student2.tehonet.com\/wp-content\/uploads\/2022\/09\/future-g920d7eb4d_1920.jpg 1080w\" sizes=\"(max-width: 576px) 100vw, 576px\" \/>\t\t\t\t\t\t\t\t\t\t\t\t\t\t\t<\/div>\n\t\t\t\t<\/div>\n\t\t\t\t\t<\/div>\n\t\t<\/div>\n\t\t\t\t\t\t\t<\/div>\n\t\t<\/section>\n\t\t\t\t<section class=\"elementor-section elementor-top-section elementor-element elementor-element-bfdfcbb elementor-section-boxed elementor-section-height-default elementor-section-height-default\" data-id=\"bfdfcbb\" data-element_type=\"section\" data-settings=\"{&quot;background_background&quot;:&quot;classic&quot;}\">\n\t\t\t\t\t\t<div class=\"elementor-container elementor-column-gap-default\">\n\t\t\t\t\t<div class=\"elementor-column elementor-col-100 elementor-top-column elementor-element elementor-element-8675e07\" data-id=\"8675e07\" data-element_type=\"column\">\n\t\t\t<div class=\"elementor-widget-wrap elementor-element-populated\">\n\t\t\t\t\t\t\t\t<section class=\"elementor-section elementor-inner-section elementor-element elementor-element-78a0867 elementor-section-boxed elementor-section-height-default elementor-section-height-default\" data-id=\"78a0867\" data-element_type=\"section\">\n\t\t\t\t\t\t<div class=\"elementor-container elementor-column-gap-default\">\n\t\t\t\t\t<div class=\"elementor-column elementor-col-50 elementor-inner-column elementor-element elementor-element-3be18f0\" data-id=\"3be18f0\" data-element_type=\"column\">\n\t\t\t<div class=\"elementor-widget-wrap elementor-element-populated\">\n\t\t\t\t\t\t\t\t<div class=\"elementor-element elementor-element-afdd3fe elementor-view-default elementor-invisible elementor-widget elementor-widget-icon\" data-id=\"afdd3fe\" data-element_type=\"widget\" data-settings=\"{&quot;_animation&quot;:&quot;jello&quot;}\" data-widget_type=\"icon.default\">\n\t\t\t\t<div class=\"elementor-widget-container\">\n\t\t\t\t\t<div class=\"elementor-icon-wrapper\">\n\t\t\t<div class=\"elementor-icon\">\n\t\t\t<i aria-hidden=\"true\" class=\"fas fa-tooth\"><\/i>\t\t\t<\/div>\n\t\t<\/div>\n\t\t\t\t<\/div>\n\t\t\t\t<\/div>\n\t\t\t\t<div class=\"elementor-element elementor-element-bc54eba elementor-invisible elementor-widget elementor-widget-heading\" data-id=\"bc54eba\" data-element_type=\"widget\" data-settings=\"{&quot;_animation&quot;:&quot;zoomInRight&quot;}\" data-widget_type=\"heading.default\">\n\t\t\t\t<div class=\"elementor-widget-container\">\n\t\t\t<h2 class=\"elementor-heading-title elementor-size-default\">Unelma<\/h2>\t\t<\/div>\n\t\t\t\t<\/div>\n\t\t\t\t<div class=\"elementor-element elementor-element-6036109 elementor-invisible elementor-widget elementor-widget-image\" data-id=\"6036109\" data-element_type=\"widget\" data-settings=\"{&quot;_animation&quot;:&quot;lightSpeedIn&quot;}\" data-widget_type=\"image.default\">\n\t\t\t\t<div class=\"elementor-widget-container\">\n\t\t\t\t\t\t\t\t\t\t\t\t\t\t\t<img decoding=\"async\" width=\"353\" height=\"241\" src=\"https:\/\/student2.tehonet.com\/wp-content\/uploads\/2022\/09\/bcaeef24f89a0d7d0663d18bab231175-youtubers.jpg\" class=\"attachment-large size-large\" alt=\"\" loading=\"lazy\" srcset=\"https:\/\/student2.tehonet.com\/wp-content\/uploads\/2022\/09\/bcaeef24f89a0d7d0663d18bab231175-youtubers.jpg 353w, https:\/\/student2.tehonet.com\/wp-content\/uploads\/2022\/09\/bcaeef24f89a0d7d0663d18bab231175-youtubers-300x205.jpg 300w\" sizes=\"(max-width: 353px) 100vw, 353px\" \/>\t\t\t\t\t\t\t\t\t\t\t\t\t\t\t<\/div>\n\t\t\t\t<\/div>\n\t\t\t\t\t<\/div>\n\t\t<\/div>\n\t\t\t\t<div class=\"elementor-column elementor-col-50 elementor-inner-column elementor-element elementor-element-6dc5e67\" data-id=\"6dc5e67\" data-element_type=\"column\">\n\t\t\t<div class=\"elementor-widget-wrap elementor-element-populated\">\n\t\t\t\t\t\t\t\t<div class=\"elementor-element elementor-element-01016fb elementor-invisible elementor-widget elementor-widget-heading\" data-id=\"01016fb\" data-element_type=\"widget\" data-settings=\"{&quot;_animation&quot;:&quot;zoomInLeft&quot;}\" data-widget_type=\"heading.default\">\n\t\t\t\t<div class=\"elementor-widget-container\">\n\t\t\t<h2 class=\"elementor-heading-title elementor-size-default\">Tulevaisuus<\/h2>\t\t<\/div>\n\t\t\t\t<\/div>\n\t\t\t\t<div class=\"elementor-element elementor-element-6934653 elementor-invisible elementor-widget elementor-widget-image\" data-id=\"6934653\" data-element_type=\"widget\" data-settings=\"{&quot;_animation&quot;:&quot;fadeInRight&quot;}\" data-widget_type=\"image.default\">\n\t\t\t\t<div class=\"elementor-widget-container\">\n\t\t\t\t\t\t\t\t\t\t\t\t\t\t\t<img decoding=\"async\" width=\"640\" height=\"960\" src=\"https:\/\/student2.tehonet.com\/wp-content\/uploads\/2022\/09\/640px-Montreal_Comiccon_2016_-_Sans_28246793876.jpg\" class=\"attachment-large size-large\" alt=\"\" loading=\"lazy\" srcset=\"https:\/\/student2.tehonet.com\/wp-content\/uploads\/2022\/09\/640px-Montreal_Comiccon_2016_-_Sans_28246793876.jpg 640w, https:\/\/student2.tehonet.com\/wp-content\/uploads\/2022\/09\/640px-Montreal_Comiccon_2016_-_Sans_28246793876-200x300.jpg 200w\" sizes=\"(max-width: 640px) 100vw, 640px\" \/>\t\t\t\t\t\t\t\t\t\t\t\t\t\t\t<\/div>\n\t\t\t\t<\/div>\n\t\t\t\t\t<\/div>\n\t\t<\/div>\n\t\t\t\t\t\t\t<\/div>\n\t\t<\/section>\n\t\t\t\t\t<\/div>\n\t\t<\/div>\n\t\t\t\t\t\t\t<\/div>\n\t\t<\/section>\n\t\t\t\t<section class=\"elementor-section elementor-top-section elementor-element elementor-element-ad21d22 elementor-section-boxed elementor-section-height-default elementor-section-height-default\" data-id=\"ad21d22\" data-element_type=\"section\" id=\"Yhteystiedot\">\n\t\t\t\t\t\t<div class=\"elementor-container elementor-column-gap-default\">\n\t\t\t\t\t<div class=\"elementor-column elementor-col-100 elementor-top-column elementor-element elementor-element-c6c99d1\" data-id=\"c6c99d1\" data-element_type=\"column\">\n\t\t\t<div class=\"elementor-widget-wrap elementor-element-populated\">\n\t\t\t\t\t\t\t\t\t<\/div>\n\t\t<\/div>\n\t\t\t\t\t\t\t<\/div>\n\t\t<\/section>\n\t\t\t\t<section class=\"elementor-section elementor-top-section elementor-element elementor-element-df5f5db elementor-section-boxed elementor-section-height-default elementor-section-height-default\" data-id=\"df5f5db\" data-element_type=\"section\">\n\t\t\t\t\t\t<div class=\"elementor-container elementor-column-gap-default\">\n\t\t\t\t\t<div class=\"elementor-column elementor-col-100 elementor-top-column elementor-element elementor-element-d1e7b4f\" data-id=\"d1e7b4f\" data-element_type=\"column\">\n\t\t\t<div class=\"elementor-widget-wrap elementor-element-populated\">\n\t\t\t\t\t\t\t\t<div class=\"elementor-element elementor-element-0f9e33d elementor-widget elementor-widget-image-gallery\" data-id=\"0f9e33d\" data-element_type=\"widget\" data-widget_type=\"image-gallery.default\">\n\t\t\t\t<div class=\"elementor-widget-container\">\n\t\t\t<style>\/*! elementor - v3.7.4 - 31-08-2022 *\/\n.elementor-image-gallery .gallery-item{display:inline-block;text-align:center;vertical-align:top;width:100%;max-width:100%;margin:0 auto}.elementor-image-gallery .gallery-item img{margin:0 auto}.elementor-image-gallery .gallery-item .gallery-caption{margin:0}.elementor-image-gallery figure img{display:block}.elementor-image-gallery figure figcaption{width:100%}.gallery-spacing-custom .elementor-image-gallery .gallery-icon{padding:0}@media (min-width:768px){.elementor-image-gallery .gallery-columns-2 .gallery-item{max-width:50%}.elementor-image-gallery .gallery-columns-3 .gallery-item{max-width:33.33%}.elementor-image-gallery .gallery-columns-4 .gallery-item{max-width:25%}.elementor-image-gallery .gallery-columns-5 .gallery-item{max-width:20%}.elementor-image-gallery .gallery-columns-6 .gallery-item{max-width:16.666%}.elementor-image-gallery .gallery-columns-7 .gallery-item{max-width:14.28%}.elementor-image-gallery .gallery-columns-8 .gallery-item{max-width:12.5%}.elementor-image-gallery .gallery-columns-9 .gallery-item{max-width:11.11%}.elementor-image-gallery .gallery-columns-10 .gallery-item{max-width:10%}}@media (min-width:480px) and (max-width:767px){.elementor-image-gallery .gallery.gallery-columns-2 .gallery-item,.elementor-image-gallery .gallery.gallery-columns-3 .gallery-item,.elementor-image-gallery .gallery.gallery-columns-4 .gallery-item,.elementor-image-gallery .gallery.gallery-columns-5 .gallery-item,.elementor-image-gallery .gallery.gallery-columns-6 .gallery-item,.elementor-image-gallery .gallery.gallery-columns-7 .gallery-item,.elementor-image-gallery .gallery.gallery-columns-8 .gallery-item,.elementor-image-gallery .gallery.gallery-columns-9 .gallery-item,.elementor-image-gallery .gallery.gallery-columns-10 .gallery-item{max-width:50%}}@media (max-width:479px){.elementor-image-gallery .gallery.gallery-columns-2 .gallery-item,.elementor-image-gallery .gallery.gallery-columns-3 .gallery-item,.elementor-image-gallery .gallery.gallery-columns-4 .gallery-item,.elementor-image-gallery .gallery.gallery-columns-5 .gallery-item,.elementor-image-gallery .gallery.gallery-columns-6 .gallery-item,.elementor-image-gallery .gallery.gallery-columns-7 .gallery-item,.elementor-image-gallery .gallery.gallery-columns-8 .gallery-item,.elementor-image-gallery .gallery.gallery-columns-9 .gallery-item,.elementor-image-gallery .gallery.gallery-columns-10 .gallery-item{max-width:100%}}<\/style>\t\t<div class=\"elementor-image-gallery\">\n\t\t\t<div id='gallery-1' class='gallery galleryid-7 gallery-columns-4 gallery-size-thumbnail'><figure class='gallery-item'>\n\t\t\t<div class='gallery-icon landscape'>\n\t\t\t\t<a data-elementor-open-lightbox=\"yes\" data-elementor-lightbox-slideshow=\"0f9e33d\" data-elementor-lightbox-title=\"fox-g14d2063e8_1920\" e-action-hash=\"#elementor-action%3Aaction%3Dlightbox%26settings%3DeyJpZCI6MzUsInVybCI6Imh0dHBzOlwvXC9zdHVkZW50Mi50ZWhvbmV0LmNvbVwvd3AtY29udGVudFwvdXBsb2Fkc1wvMjAyMlwvMDlcL2ZveC1nMTRkMjA2M2U4XzE5MjAuanBnIiwic2xpZGVzaG93IjoiMGY5ZTMzZCJ9\" href='https:\/\/student2.tehonet.com\/wp-content\/uploads\/2022\/09\/fox-g14d2063e8_1920.jpg'><img width=\"150\" height=\"150\" src=\"https:\/\/student2.tehonet.com\/wp-content\/uploads\/2022\/09\/fox-g14d2063e8_1920-150x150.jpg\" class=\"attachment-thumbnail size-thumbnail\" alt=\"\" decoding=\"async\" loading=\"lazy\" srcset=\"https:\/\/student2.tehonet.com\/wp-content\/uploads\/2022\/09\/fox-g14d2063e8_1920-150x150.jpg 150w, https:\/\/student2.tehonet.com\/wp-content\/uploads\/2022\/09\/fox-g14d2063e8_1920-600x600.jpg 600w\" sizes=\"(max-width: 150px) 100vw, 150px\" \/><\/a>\n\t\t\t<\/div><\/figure><figure class='gallery-item'>\n\t\t\t<div class='gallery-icon landscape'>\n\t\t\t\t<a data-elementor-open-lightbox=\"yes\" data-elementor-lightbox-slideshow=\"0f9e33d\" data-elementor-lightbox-title=\"sushi-g013073b15_1920\" e-action-hash=\"#elementor-action%3Aaction%3Dlightbox%26settings%3DeyJpZCI6NDUsInVybCI6Imh0dHBzOlwvXC9zdHVkZW50Mi50ZWhvbmV0LmNvbVwvd3AtY29udGVudFwvdXBsb2Fkc1wvMjAyMlwvMDlcL3N1c2hpLWcwMTMwNzNiMTVfMTkyMC5qcGciLCJzbGlkZXNob3ciOiIwZjllMzNkIn0%3D\" href='https:\/\/student2.tehonet.com\/wp-content\/uploads\/2022\/09\/sushi-g013073b15_1920.jpg'><img width=\"150\" height=\"150\" src=\"https:\/\/student2.tehonet.com\/wp-content\/uploads\/2022\/09\/sushi-g013073b15_1920-150x150.jpg\" class=\"attachment-thumbnail size-thumbnail\" alt=\"\" decoding=\"async\" loading=\"lazy\" srcset=\"https:\/\/student2.tehonet.com\/wp-content\/uploads\/2022\/09\/sushi-g013073b15_1920-150x150.jpg 150w, https:\/\/student2.tehonet.com\/wp-content\/uploads\/2022\/09\/sushi-g013073b15_1920-600x600.jpg 600w\" sizes=\"(max-width: 150px) 100vw, 150px\" \/><\/a>\n\t\t\t<\/div><\/figure><figure class='gallery-item'>\n\t\t\t<div class='gallery-icon landscape'>\n\t\t\t\t<a data-elementor-open-lightbox=\"yes\" data-elementor-lightbox-slideshow=\"0f9e33d\" data-elementor-lightbox-title=\"noodle-soup-g235983377_1920\" e-action-hash=\"#elementor-action%3Aaction%3Dlightbox%26settings%3DeyJpZCI6NDQsInVybCI6Imh0dHBzOlwvXC9zdHVkZW50Mi50ZWhvbmV0LmNvbVwvd3AtY29udGVudFwvdXBsb2Fkc1wvMjAyMlwvMDlcL25vb2RsZS1zb3VwLWcyMzU5ODMzNzdfMTkyMC5qcGciLCJzbGlkZXNob3ciOiIwZjllMzNkIn0%3D\" href='https:\/\/student2.tehonet.com\/wp-content\/uploads\/2022\/09\/noodle-soup-g235983377_1920.jpg'><img width=\"150\" height=\"150\" src=\"https:\/\/student2.tehonet.com\/wp-content\/uploads\/2022\/09\/noodle-soup-g235983377_1920-150x150.jpg\" class=\"attachment-thumbnail size-thumbnail\" alt=\"\" decoding=\"async\" loading=\"lazy\" srcset=\"https:\/\/student2.tehonet.com\/wp-content\/uploads\/2022\/09\/noodle-soup-g235983377_1920-150x150.jpg 150w, https:\/\/student2.tehonet.com\/wp-content\/uploads\/2022\/09\/noodle-soup-g235983377_1920-600x600.jpg 600w\" sizes=\"(max-width: 150px) 100vw, 150px\" \/><\/a>\n\t\t\t<\/div><\/figure><figure class='gallery-item'>\n\t\t\t<div class='gallery-icon landscape'>\n\t\t\t\t<a data-elementor-open-lightbox=\"yes\" data-elementor-lightbox-slideshow=\"0f9e33d\" data-elementor-lightbox-title=\"chowmein-g02af44aba_1920\" e-action-hash=\"#elementor-action%3Aaction%3Dlightbox%26settings%3DeyJpZCI6NDMsInVybCI6Imh0dHBzOlwvXC9zdHVkZW50Mi50ZWhvbmV0LmNvbVwvd3AtY29udGVudFwvdXBsb2Fkc1wvMjAyMlwvMDlcL2Nob3dtZWluLWcwMmFmNDRhYmFfMTkyMC5qcGciLCJzbGlkZXNob3ciOiIwZjllMzNkIn0%3D\" href='https:\/\/student2.tehonet.com\/wp-content\/uploads\/2022\/09\/chowmein-g02af44aba_1920.jpg'><img width=\"150\" height=\"150\" src=\"https:\/\/student2.tehonet.com\/wp-content\/uploads\/2022\/09\/chowmein-g02af44aba_1920-150x150.jpg\" class=\"attachment-thumbnail size-thumbnail\" alt=\"\" decoding=\"async\" loading=\"lazy\" srcset=\"https:\/\/student2.tehonet.com\/wp-content\/uploads\/2022\/09\/chowmein-g02af44aba_1920-150x150.jpg 150w, https:\/\/student2.tehonet.com\/wp-content\/uploads\/2022\/09\/chowmein-g02af44aba_1920-600x600.jpg 600w\" sizes=\"(max-width: 150px) 100vw, 150px\" \/><\/a>\n\t\t\t<\/div><\/figure><figure class='gallery-item'>\n\t\t\t<div class='gallery-icon landscape'>\n\t\t\t\t<a data-elementor-open-lightbox=\"yes\" data-elementor-lightbox-slideshow=\"0f9e33d\" data-elementor-lightbox-title=\"hamburger-gbf83f55d1_1920\" e-action-hash=\"#elementor-action%3Aaction%3Dlightbox%26settings%3DeyJpZCI6NDIsInVybCI6Imh0dHBzOlwvXC9zdHVkZW50Mi50ZWhvbmV0LmNvbVwvd3AtY29udGVudFwvdXBsb2Fkc1wvMjAyMlwvMDlcL2hhbWJ1cmdlci1nYmY4M2Y1NWQxXzE5MjAuanBnIiwic2xpZGVzaG93IjoiMGY5ZTMzZCJ9\" href='https:\/\/student2.tehonet.com\/wp-content\/uploads\/2022\/09\/hamburger-gbf83f55d1_1920.jpg'><img width=\"150\" height=\"150\" src=\"https:\/\/student2.tehonet.com\/wp-content\/uploads\/2022\/09\/hamburger-gbf83f55d1_1920-150x150.jpg\" class=\"attachment-thumbnail size-thumbnail\" alt=\"\" decoding=\"async\" loading=\"lazy\" srcset=\"https:\/\/student2.tehonet.com\/wp-content\/uploads\/2022\/09\/hamburger-gbf83f55d1_1920-150x150.jpg 150w, https:\/\/student2.tehonet.com\/wp-content\/uploads\/2022\/09\/hamburger-gbf83f55d1_1920-600x600.jpg 600w\" sizes=\"(max-width: 150px) 100vw, 150px\" \/><\/a>\n\t\t\t<\/div><\/figure><figure class='gallery-item'>\n\t\t\t<div class='gallery-icon landscape'>\n\t\t\t\t<a data-elementor-open-lightbox=\"yes\" data-elementor-lightbox-slideshow=\"0f9e33d\" data-elementor-lightbox-title=\"fast-food-g8327f0b5c_1920\" e-action-hash=\"#elementor-action%3Aaction%3Dlightbox%26settings%3DeyJpZCI6NDEsInVybCI6Imh0dHBzOlwvXC9zdHVkZW50Mi50ZWhvbmV0LmNvbVwvd3AtY29udGVudFwvdXBsb2Fkc1wvMjAyMlwvMDlcL2Zhc3QtZm9vZC1nODMyN2YwYjVjXzE5MjAuanBnIiwic2xpZGVzaG93IjoiMGY5ZTMzZCJ9\" href='https:\/\/student2.tehonet.com\/wp-content\/uploads\/2022\/09\/fast-food-g8327f0b5c_1920.jpg'><img width=\"150\" height=\"150\" src=\"https:\/\/student2.tehonet.com\/wp-content\/uploads\/2022\/09\/fast-food-g8327f0b5c_1920-150x150.jpg\" class=\"attachment-thumbnail size-thumbnail\" alt=\"\" decoding=\"async\" loading=\"lazy\" srcset=\"https:\/\/student2.tehonet.com\/wp-content\/uploads\/2022\/09\/fast-food-g8327f0b5c_1920-150x150.jpg 150w, https:\/\/student2.tehonet.com\/wp-content\/uploads\/2022\/09\/fast-food-g8327f0b5c_1920-600x600.jpg 600w\" sizes=\"(max-width: 150px) 100vw, 150px\" \/><\/a>\n\t\t\t<\/div><\/figure><figure class='gallery-item'>\n\t\t\t<div class='gallery-icon landscape'>\n\t\t\t\t<a data-elementor-open-lightbox=\"yes\" data-elementor-lightbox-slideshow=\"0f9e33d\" data-elementor-lightbox-title=\"tabby-g579850c40_1920\" e-action-hash=\"#elementor-action%3Aaction%3Dlightbox%26settings%3DeyJpZCI6NDAsInVybCI6Imh0dHBzOlwvXC9zdHVkZW50Mi50ZWhvbmV0LmNvbVwvd3AtY29udGVudFwvdXBsb2Fkc1wvMjAyMlwvMDlcL3RhYmJ5LWc1Nzk4NTBjNDBfMTkyMC0xLmpwZyIsInNsaWRlc2hvdyI6IjBmOWUzM2QifQ%3D%3D\" href='https:\/\/student2.tehonet.com\/wp-content\/uploads\/2022\/09\/tabby-g579850c40_1920-1.jpg'><img width=\"150\" height=\"150\" src=\"https:\/\/student2.tehonet.com\/wp-content\/uploads\/2022\/09\/tabby-g579850c40_1920-1-150x150.jpg\" class=\"attachment-thumbnail size-thumbnail\" alt=\"\" decoding=\"async\" loading=\"lazy\" srcset=\"https:\/\/student2.tehonet.com\/wp-content\/uploads\/2022\/09\/tabby-g579850c40_1920-1-150x150.jpg 150w, https:\/\/student2.tehonet.com\/wp-content\/uploads\/2022\/09\/tabby-g579850c40_1920-1-600x600.jpg 600w\" sizes=\"(max-width: 150px) 100vw, 150px\" \/><\/a>\n\t\t\t<\/div><\/figure><figure class='gallery-item'>\n\t\t\t<div class='gallery-icon landscape'>\n\t\t\t\t<a data-elementor-open-lightbox=\"yes\" data-elementor-lightbox-slideshow=\"0f9e33d\" data-elementor-lightbox-title=\"bullfinch-g21127f897_1920\" e-action-hash=\"#elementor-action%3Aaction%3Dlightbox%26settings%3DeyJpZCI6MzksInVybCI6Imh0dHBzOlwvXC9zdHVkZW50Mi50ZWhvbmV0LmNvbVwvd3AtY29udGVudFwvdXBsb2Fkc1wvMjAyMlwvMDlcL2J1bGxmaW5jaC1nMjExMjdmODk3XzE5MjAtMS5qcGciLCJzbGlkZXNob3ciOiIwZjllMzNkIn0%3D\" href='https:\/\/student2.tehonet.com\/wp-content\/uploads\/2022\/09\/bullfinch-g21127f897_1920-1.jpg'><img width=\"150\" height=\"150\" src=\"https:\/\/student2.tehonet.com\/wp-content\/uploads\/2022\/09\/bullfinch-g21127f897_1920-1-150x150.jpg\" class=\"attachment-thumbnail size-thumbnail\" alt=\"\" decoding=\"async\" loading=\"lazy\" srcset=\"https:\/\/student2.tehonet.com\/wp-content\/uploads\/2022\/09\/bullfinch-g21127f897_1920-1-150x150.jpg 150w, https:\/\/student2.tehonet.com\/wp-content\/uploads\/2022\/09\/bullfinch-g21127f897_1920-1-600x600.jpg 600w\" sizes=\"(max-width: 150px) 100vw, 150px\" \/><\/a>\n\t\t\t<\/div><\/figure><figure class='gallery-item'>\n\t\t\t<div class='gallery-icon landscape'>\n\t\t\t\t<a data-elementor-open-lightbox=\"yes\" data-elementor-lightbox-slideshow=\"0f9e33d\" data-elementor-lightbox-title=\"zoo-gaf131a8c8_1920\" e-action-hash=\"#elementor-action%3Aaction%3Dlightbox%26settings%3DeyJpZCI6MzcsInVybCI6Imh0dHBzOlwvXC9zdHVkZW50Mi50ZWhvbmV0LmNvbVwvd3AtY29udGVudFwvdXBsb2Fkc1wvMjAyMlwvMDlcL3pvby1nYWYxMzFhOGM4XzE5MjAuanBnIiwic2xpZGVzaG93IjoiMGY5ZTMzZCJ9\" href='https:\/\/student2.tehonet.com\/wp-content\/uploads\/2022\/09\/zoo-gaf131a8c8_1920.jpg'><img width=\"150\" height=\"150\" src=\"https:\/\/student2.tehonet.com\/wp-content\/uploads\/2022\/09\/zoo-gaf131a8c8_1920-150x150.jpg\" class=\"attachment-thumbnail size-thumbnail\" alt=\"\" decoding=\"async\" loading=\"lazy\" srcset=\"https:\/\/student2.tehonet.com\/wp-content\/uploads\/2022\/09\/zoo-gaf131a8c8_1920-150x150.jpg 150w, https:\/\/student2.tehonet.com\/wp-content\/uploads\/2022\/09\/zoo-gaf131a8c8_1920-600x600.jpg 600w\" sizes=\"(max-width: 150px) 100vw, 150px\" \/><\/a>\n\t\t\t<\/div><\/figure>\n\t\t<\/div>\n\t\t<\/div>\n\t\t\t\t<\/div>\n\t\t\t\t<\/div>\n\t\t\t\t\t<\/div>\n\t\t<\/div>\n\t\t\t\t\t\t\t<\/div>\n\t\t<\/section>\n\t\t\t\t\t\t\t<\/div>\n\t\t","protected":false},"excerpt":{"rendered":"<p>El\u00e4v\u00e4 juustovoileip\u00e4 Octane&#8217;s lover Unelma Tulevaisuus<\/p>\n","protected":false},"author":1,"featured_media":0,"parent":0,"menu_order":0,"comment_status":"closed","ping_status":"closed","template":"","meta":[],"_links":{"self":[{"href":"https:\/\/student2.tehonet.com\/index.php?rest_route=\/wp\/v2\/pages\/7"}],"collection":[{"href":"https:\/\/student2.tehonet.com\/index.php?rest_route=\/wp\/v2\/pages"}],"about":[{"href":"https:\/\/student2.tehonet.com\/index.php?rest_route=\/wp\/v2\/types\/page"}],"author":[{"embeddable":true,"href":"https:\/\/student2.tehonet.com\/index.php?rest_route=\/wp\/v2\/users\/1"}],"replies":[{"embeddable":true,"href":"https:\/\/student2.tehonet.com\/index.php?rest_route=%2Fwp%2Fv2%2Fcomments&post=7"}],"version-history":[{"count":28,"href":"https:\/\/student2.tehonet.com\/index.php?rest_route=\/wp\/v2\/pages\/7\/revisions"}],"predecessor-version":[{"id":67,"href":"https:\/\/student2.tehonet.com\/index.php?rest_route=\/wp\/v2\/pages\/7\/revisions\/67"}],"wp:attachment":[{"href":"https:\/\/student2.tehonet.com\/index.php?rest_route=%2Fwp%2Fv2%2Fmedia&parent=7"}],"curies":[{"name":"wp","href":"https:\/\/api.w.org\/{rel}","templated":true}]}}